{"id":932,"date":"2024-07-02T19:10:09","date_gmt":"2024-07-02T19:10:09","guid":{"rendered":"https:\/\/pokora-gabinet.pl\/?page_id=932"},"modified":"2024-08-30T09:51:59","modified_gmt":"2024-08-30T09:51:59","slug":"oferta","status":"publish","type":"page","link":"https:\/\/pokora-gabinet.pl\/index.php\/oferta\/","title":{"rendered":"Oferta"},"content":{"rendered":"\t\t<div data-elementor-type=\"wp-page\" data-elementor-id=\"932\" class=\"elementor elementor-932\" data-elementor-post-type=\"page\">\n\t\t\t\t<div data-particle_enable=\"false\" data-particle-mobile-disabled=\"false\" class=\"elementor-element elementor-element-c4fefd0 e-flex e-con-boxed e-con e-parent\" data-id=\"c4fefd0\" data-element_type=\"container\" data-e-type=\"container\" data-settings=\"{&quot;position&quot;:&quot;fixed&quot;}\">\n\t\t\t\t\t<div class=\"e-con-inner\">\n\t\t\t\t<div class=\"elementor-element elementor-element-d567296 elementor-widget__width-initial elementor-fixed elementor-widget-tablet_extra__width-initial elementor-widget-tablet__width-initial elementor-widget-laptop__width-initial elementor-widget-mobile_extra__width-initial elementor-widget elementor-widget-text-editor\" data-id=\"d567296\" data-element_type=\"widget\" data-e-type=\"widget\" data-settings=\"{&quot;_position&quot;:&quot;fixed&quot;}\" data-widget_type=\"text-editor.default\">\n\t\t\t\t\t\t\t\t\t<h3><span style=\"color: #ff0000;\">Diagnoza i terapia logopedyczna \/ neurologopedyczna<\/span><\/h3><ul><li><h3><span style=\"color: #000000;\">diagnoza logopedyczn<\/span><span style=\"color: #000000;\">a<\/span><span style=\"color: #000000;\">\/<\/span><span style=\"color: #000000;\">neurologopedyczna<\/span>,<\/h3><\/li><li><h3><span style=\"color: #000000;\">wczesna interwencja logopedyczn\u0105 (niemowl\u0119ta),<\/span><\/h3><\/li><li><h3><span style=\"color: #000000;\">terapia zaburze\u0144 mowy i komunikacji (autyzm, zesp\u00f3\u0142 Aspergera, ubytek s\u0142uchu, alalia, afazja, niepe\u0142nosprawno\u015b\u0107 intelektualna, pora\u017cenie m\u00f3zgowe, dwuj\u0119zyczno\u015b\u0107,<br \/>i inne),<\/span><\/h3><\/li><li><h3><span style=\"color: #000000;\">terapia zaburze\u0144 mowy, szczeg\u00f3lnie op\u00f3\u017anie\u0144 w rozwoju mowy o r\u00f3\u017cnorodnym pochodzeniu,<\/span><\/h3><\/li><li><h3><span style=\"color: #000000;\">terapia wad wymowy,<\/span><\/h3><\/li><li><h3><span style=\"color: #000000;\">terapia os\u00f3b doros\u0142ych (choroby neurologiczne)<\/span><\/h3><\/li><\/ul>\t\t\t\t\t\t\t\t<\/div>\n\t\t\t\t\t<\/div>\n\t\t\t\t<\/div>\n\t\t<div data-particle_enable=\"false\" data-particle-mobile-disabled=\"false\" class=\"elementor-element elementor-element-821d7d9 e-grid e-con-boxed e-con e-parent\" data-id=\"821d7d9\" data-element_type=\"container\" data-e-type=\"container\">\n\t\t\t\t\t<div class=\"e-con-inner\">\n\t\t\t\t<div class=\"elementor-element elementor-element-703d153 elementor-widget__width-initial elementor-fixed elementor-widget-tablet_extra__width-initial elementor-widget-tablet__width-initial elementor-widget elementor-widget-text-editor\" data-id=\"703d153\" data-element_type=\"widget\" data-e-type=\"widget\" data-settings=\"{&quot;_position&quot;:&quot;fixed&quot;}\" data-widget_type=\"text-editor.default\">\n\t\t\t\t\t\t\t\t\t<h3><strong><span style=\"color: #ff0000;\">Konsultacje rodzicielskie<\/span><\/strong><br \/><strong><span style=\"color: #ff0000;\">i wychowawcze dla rodzic\u00f3w adopcyjnych <\/span><span style=\"color: #ff0000;\">i zast\u0119pczych<\/span><\/strong><\/h3><h3><strong><span style=\"color: #ffffff;\">W ramach konsultacji mo\u017cna uzyska\u0107 wsparcie w rozwi\u0105zaniu trudnej sytuacji rodzicielskiej, wypracowa\u0107 wskaz\u00f3wki dotycz\u0105ce mo\u017cliwych form dzia\u0142ania<\/span><\/strong><br \/><strong><span style=\"color: #ffffff;\">i rozwa\u017cy\u0107 korzystne\u00a0dla rodzic\u00f3w<\/span><\/strong><br \/><strong><span style=\"color: #ffffff;\">i dziecka rozwi\u0105zania trudnej sytuacji.<\/span><\/strong><\/h3>\t\t\t\t\t\t\t\t<\/div>\n\t\t\t\t\t<\/div>\n\t\t\t\t<\/div>\n\t\t\t\t<\/div>\n\t\t","protected":false},"excerpt":{"rendered":"<p>Diagnoza i terapia logopedyczna \/ neurologopedyczna diagnoza logopedyczna\/neurologopedyczna, wczesna interwencja logopedyczn\u0105 (niemowl\u0119ta), terapia zaburze\u0144 mowy i komunikacji (autyzm, zesp\u00f3\u0142 Aspergera, ubytek s\u0142uchu, alalia, afazja, niepe\u0142nosprawno\u015b\u0107 intelektualna, pora\u017cenie m\u00f3zgowe, dwuj\u0119zyczno\u015b\u0107,i inne), terapia zaburze\u0144 mowy, szczeg\u00f3lnie op\u00f3\u017anie\u0144 w rozwoju mowy o r\u00f3\u017cnorodnym pochodzeniu, terapia wad wymowy, terapia os\u00f3b doros\u0142ych (choroby neurologiczne) Konsultacje rodzicielskiei wychowawcze dla rodzic\u00f3w adopcyjnych [&hellip;]<\/p>\n","protected":false},"author":1,"featured_media":0,"parent":0,"menu_order":0,"comment_status":"closed","ping_status":"closed","template":"","meta":{"_eb_attr":"","_crdt_document":"","ocean_post_layout":"","ocean_both_sidebars_style":"","ocean_both_sidebars_content_width":0,"ocean_both_sidebars_sidebars_width":0,"ocean_sidebar":"","ocean_second_sidebar":"","ocean_disable_margins":"enable","ocean_add_body_class":"","ocean_shortcode_before_top_bar":"","ocean_shortcode_after_top_bar":"","ocean_shortcode_before_header":"","ocean_shortcode_after_header":"","ocean_has_shortcode":"","ocean_shortcode_after_title":"","ocean_shortcode_before_footer_widgets":"","ocean_shortcode_after_footer_widgets":"","ocean_shortcode_before_footer_bottom":"","ocean_shortcode_after_footer_bottom":"","ocean_display_top_bar":"default","ocean_display_header":"default","ocean_header_style":"","ocean_center_header_left_menu":"","ocean_custom_header_template":"","ocean_custom_logo":0,"ocean_custom_retina_logo":0,"ocean_custom_logo_max_width":0,"ocean_custom_logo_tablet_max_width":0,"ocean_custom_logo_mobile_max_width":0,"ocean_custom_logo_max_height":0,"ocean_custom_logo_tablet_max_height":0,"ocean_custom_logo_mobile_max_height":0,"ocean_header_custom_menu":"","ocean_menu_typo_font_family":"","ocean_menu_typo_font_subset":"","ocean_menu_typo_font_size":0,"ocean_menu_typo_font_size_tablet":0,"ocean_menu_typo_font_size_mobile":0,"ocean_menu_typo_font_size_unit":"px","ocean_menu_typo_font_weight":"","ocean_menu_typo_font_weight_tablet":"","ocean_menu_typo_font_weight_mobile":"","ocean_menu_typo_transform":"","ocean_menu_typo_transform_tablet":"","ocean_menu_typo_transform_mobile":"","ocean_menu_typo_line_height":0,"ocean_menu_typo_line_height_tablet":0,"ocean_menu_typo_line_height_mobile":0,"ocean_menu_typo_line_height_unit":"","ocean_menu_typo_spacing":0,"ocean_menu_typo_spacing_tablet":0,"ocean_menu_typo_spacing_mobile":0,"ocean_menu_typo_spacing_unit":"","ocean_menu_link_color":"","ocean_menu_link_color_hover":"","ocean_menu_link_color_active":"","ocean_menu_link_background":"","ocean_menu_link_hover_background":"","ocean_menu_link_active_background":"","ocean_menu_social_links_bg":"","ocean_menu_social_hover_links_bg":"","ocean_menu_social_links_color":"","ocean_menu_social_hover_links_color":"","ocean_disable_title":"default","ocean_disable_heading":"default","ocean_post_title":"","ocean_post_subheading":"","ocean_post_title_style":"","ocean_post_title_background_color":"","ocean_post_title_background":0,"ocean_post_title_bg_image_position":"","ocean_post_title_bg_image_attachment":"","ocean_post_title_bg_image_repeat":"","ocean_post_title_bg_image_size":"","ocean_post_title_height":0,"ocean_post_title_bg_overlay":0.5,"ocean_post_title_bg_overlay_color":"","ocean_disable_breadcrumbs":"default","ocean_breadcrumbs_color":"","ocean_breadcrumbs_separator_color":"","ocean_breadcrumbs_links_color":"","ocean_breadcrumbs_links_hover_color":"","ocean_display_footer_widgets":"default","ocean_display_footer_bottom":"default","ocean_custom_footer_template":"","footnotes":""},"class_list":["post-932","page","type-page","status-publish","hentry","entry"],"_links":{"self":[{"href":"https:\/\/pokora-gabinet.pl\/index.php\/wp-json\/wp\/v2\/pages\/932","targetHints":{"allow":["GET"]}}],"collection":[{"href":"https:\/\/pokora-gabinet.pl\/index.php\/wp-json\/wp\/v2\/pages"}],"about":[{"href":"https:\/\/pokora-gabinet.pl\/index.php\/wp-json\/wp\/v2\/types\/page"}],"author":[{"embeddable":true,"href":"https:\/\/pokora-gabinet.pl\/index.php\/wp-json\/wp\/v2\/users\/1"}],"replies":[{"embeddable":true,"href":"https:\/\/pokora-gabinet.pl\/index.php\/wp-json\/wp\/v2\/comments?post=932"}],"version-history":[{"count":232,"href":"https:\/\/pokora-gabinet.pl\/index.php\/wp-json\/wp\/v2\/pages\/932\/revisions"}],"predecessor-version":[{"id":1878,"href":"https:\/\/pokora-gabinet.pl\/index.php\/wp-json\/wp\/v2\/pages\/932\/revisions\/1878"}],"wp:attachment":[{"href":"https:\/\/pokora-gabinet.pl\/index.php\/wp-json\/wp\/v2\/media?parent=932"}],"curies":[{"name":"wp","href":"https:\/\/api.w.org\/{rel}","templated":true}]}}