{"id":894,"date":"2024-07-02T18:14:38","date_gmt":"2024-07-02T18:14:38","guid":{"rendered":"https:\/\/pokora-gabinet.pl\/?page_id=894"},"modified":"2024-07-05T09:14:09","modified_gmt":"2024-07-05T09:14:09","slug":"o-mnie","status":"publish","type":"page","link":"https:\/\/pokora-gabinet.pl\/index.php\/o-mnie\/","title":{"rendered":"O mnie"},"content":{"rendered":"\t\t<div data-elementor-type=\"wp-page\" data-elementor-id=\"894\" class=\"elementor elementor-894\" data-elementor-post-type=\"page\">\n\t\t\t\t<div data-particle_enable=\"false\" data-particle-mobile-disabled=\"false\" class=\"elementor-element elementor-element-171f90f e-flex e-con-boxed e-con e-parent\" data-id=\"171f90f\" data-element_type=\"container\" data-e-type=\"container\">\n\t\t\t\t\t<div class=\"e-con-inner\">\n\t\t\t\t<div class=\"elementor-element elementor-element-343d0d4 elementor-widget__width-initial elementor-widget-tablet__width-initial elementor-fixed elementor-widget-laptop__width-initial elementor-widget-mobile_extra__width-initial elementor-widget-widescreen__width-initial elementor-widget elementor-widget-text-editor\" data-id=\"343d0d4\" data-element_type=\"widget\" data-e-type=\"widget\" data-settings=\"{&quot;_position&quot;:&quot;fixed&quot;}\" data-widget_type=\"text-editor.default\">\n\t\t\t\t\t\t\t\t\t<h3 style=\"font-size: 22px; text-align: center;\"><strong><span style=\"color: #ff0000;\">Aneta Rogacka<\/span><\/strong><\/h3>\n<h3 style=\"font-size: 22px; text-align: center;\"><strong><span style=\"color: #ff0000;\">Jestem neurologoped\u0105, logoped\u0105 <span style=\"color: #ff6600;\"><span style=\"color: #ff0000;\"><br>i pedagogiem<\/span>.<\/span><\/span><\/strong><\/h3>\n<p style=\"font-size: 16px; text-align: left;\"><span style=\"color: #ffffff;\"><strong>Specjalizuje si\u0119 w zakresie diagnozy zaburze\u0144 mowy\ni j\u0119zyka powsta\u0142ych w wyniku uszkodzenia centralnego uk\u0142adu nerwowego. Posiadam do\u015bwiadczenie w pracy<\/strong><\/span>\n<span style=\"color: #ffffff;\"><strong>z dzie\u0107mi, m\u0142odzie\u017c\u0105\ni doros\u0142ymi. Zajmuj\u0119 si\u0119 terapi\u0105 dzieci<\/strong><\/span>\n<span style=\"color: #ffffff;\"><strong>z op\u00f3\u017anionym rozwojem mowy (OMR), ze spektrum autyzmu, afazj\u0105, SLI,<\/strong><\/span>\n<span style=\"color: #ffffff;\"><strong>z wadami genetycznymi (mi\u0119dzy innymi dzieci z zespo\u0142em Downa ale tak\u017ce<\/strong><\/span>\n<span style=\"color: #ffffff;\"><strong>z rozszczepem wargi i\/lub podniebienia), zaburzeniami czynno\u015bci prymarnych: zaburzeniami ssania, gryzienia, po\u0142ykania, \u017cucia\ni oddychania oraz terapi\u0105 dyslalii.<\/strong><\/span><\/p>\n<p style=\"font-size: 16px; text-align: left;\"><span style=\"color: #ffffff;\"><strong>W przypadku pracy z doros\u0142ymi zajmuje si\u0119 problemami b\u0119d\u0105cymi skutkiem chor\u00f3b neurodegeneracyjnych m\u00f3zgu, takich jak demencja, choroba Alzheimera, Parkinsona, stwardnienie rozsiane ( SM ) opr\u00f3cz \u0107wicze\u0144 poprawiaj\u0105cych jako\u015b\u0107 wypowiedzi chorego, w\u0142\u0105czam \u0107wiczenia proces\u00f3w my\u015blowych, tj. rozumienia, pami\u0119ci, znajomo\u015bci s\u0142\u00f3w i ich zasobu. W swojej pracy stawiam na indywidualne podej\u015bcie do pacjenta, tak aby w pe\u0142ni dostosowa\u0107 terapi\u0119 do jego potrzeb i mo\u017cliwo\u015bci. W ramach swojej wiedzy\ni do\u015bwiadczenia oferuje r\u00f3wnie\u017c szczeg\u00f3lne wsparcie dla rodzic\u00f3w adopcyjnych\ni zast\u0119pczych poprzez indywidualne poradnictwo\/konsultacje.<\/strong><\/span><\/p>\t\t\t\t\t\t\t\t<\/div>\n\t\t\t\t\t<\/div>\n\t\t\t\t<\/div>\n\t\t<div data-particle_enable=\"false\" data-particle-mobile-disabled=\"false\" class=\"elementor-element elementor-element-15f5cb9 e-con-full e-flex e-con e-parent\" data-id=\"15f5cb9\" data-element_type=\"container\" data-e-type=\"container\">\n\t\t\t\t<\/div>\n\t\t<div data-particle_enable=\"false\" data-particle-mobile-disabled=\"false\" class=\"elementor-element elementor-element-90bf3ee e-flex e-con-boxed e-con e-parent\" data-id=\"90bf3ee\" data-element_type=\"container\" data-e-type=\"container\">\n\t\t\t\t\t<div class=\"e-con-inner\">\n\t\t\t\t<div class=\"elementor-element elementor-element-8dea1bb elementor-fixed elementor-widget elementor-widget-spacer\" data-id=\"8dea1bb\" data-element_type=\"widget\" data-e-type=\"widget\" data-settings=\"{&quot;_position&quot;:&quot;fixed&quot;}\" data-widget_type=\"spacer.default\">\n\t\t\t\t\t\t\t<div class=\"elementor-spacer\">\n\t\t\t<div class=\"elementor-spacer-inner\"><\/div>\n\t\t<\/div>\n\t\t\t\t\t\t<\/div>\n\t\t\t\t\t<\/div>\n\t\t\t\t<\/div>\n\t\t\t\t<\/div>\n\t\t","protected":false},"excerpt":{"rendered":"<p>Aneta Rogacka Jestem neurologoped\u0105, logoped\u0105 i pedagogiem. Specjalizuje si\u0119 w zakresie diagnozy zaburze\u0144 mowy i j\u0119zyka powsta\u0142ych w wyniku uszkodzenia centralnego uk\u0142adu nerwowego. Posiadam do\u015bwiadczenie w pracy z dzie\u0107mi, m\u0142odzie\u017c\u0105 i doros\u0142ymi. Zajmuj\u0119 si\u0119 terapi\u0105 dzieci z op\u00f3\u017anionym rozwojem mowy (OMR), ze spektrum autyzmu, afazj\u0105, SLI, z wadami genetycznymi (mi\u0119dzy innymi dzieci z zespo\u0142em Downa [&hellip;]<\/p>\n","protected":false},"author":1,"featured_media":0,"parent":0,"menu_order":0,"comment_status":"closed","ping_status":"closed","template":"","meta":{"_eb_attr":"","_crdt_document":"","ocean_post_layout":"","ocean_both_sidebars_style":"","ocean_both_sidebars_content_width":0,"ocean_both_sidebars_sidebars_width":0,"ocean_sidebar":"","ocean_second_sidebar":"","ocean_disable_margins":"enable","ocean_add_body_class":"","ocean_shortcode_before_top_bar":"","ocean_shortcode_after_top_bar":"","ocean_shortcode_before_header":"","ocean_shortcode_after_header":"","ocean_has_shortcode":"","ocean_shortcode_after_title":"","ocean_shortcode_before_footer_widgets":"","ocean_shortcode_after_footer_widgets":"","ocean_shortcode_before_footer_bottom":"","ocean_shortcode_after_footer_bottom":"","ocean_display_top_bar":"default","ocean_display_header":"default","ocean_header_style":"","ocean_center_header_left_menu":"","ocean_custom_header_template":"","ocean_custom_logo":0,"ocean_custom_retina_logo":0,"ocean_custom_logo_max_width":0,"ocean_custom_logo_tablet_max_width":0,"ocean_custom_logo_mobile_max_width":0,"ocean_custom_logo_max_height":0,"ocean_custom_logo_tablet_max_height":0,"ocean_custom_logo_mobile_max_height":0,"ocean_header_custom_menu":"","ocean_menu_typo_font_family":"","ocean_menu_typo_font_subset":"","ocean_menu_typo_font_size":0,"ocean_menu_typo_font_size_tablet":0,"ocean_menu_typo_font_size_mobile":0,"ocean_menu_typo_font_size_unit":"px","ocean_menu_typo_font_weight":"","ocean_menu_typo_font_weight_tablet":"","ocean_menu_typo_font_weight_mobile":"","ocean_menu_typo_transform":"","ocean_menu_typo_transform_tablet":"","ocean_menu_typo_transform_mobile":"","ocean_menu_typo_line_height":0,"ocean_menu_typo_line_height_tablet":0,"ocean_menu_typo_line_height_mobile":0,"ocean_menu_typo_line_height_unit":"","ocean_menu_typo_spacing":0,"ocean_menu_typo_spacing_tablet":0,"ocean_menu_typo_spacing_mobile":0,"ocean_menu_typo_spacing_unit":"","ocean_menu_link_color":"","ocean_menu_link_color_hover":"","ocean_menu_link_color_active":"","ocean_menu_link_background":"","ocean_menu_link_hover_background":"","ocean_menu_link_active_background":"","ocean_menu_social_links_bg":"","ocean_menu_social_hover_links_bg":"","ocean_menu_social_links_color":"","ocean_menu_social_hover_links_color":"","ocean_disable_title":"default","ocean_disable_heading":"default","ocean_post_title":"","ocean_post_subheading":"","ocean_post_title_style":"","ocean_post_title_background_color":"","ocean_post_title_background":0,"ocean_post_title_bg_image_position":"","ocean_post_title_bg_image_attachment":"","ocean_post_title_bg_image_repeat":"","ocean_post_title_bg_image_size":"","ocean_post_title_height":0,"ocean_post_title_bg_overlay":0.5,"ocean_post_title_bg_overlay_color":"","ocean_disable_breadcrumbs":"default","ocean_breadcrumbs_color":"","ocean_breadcrumbs_separator_color":"","ocean_breadcrumbs_links_color":"","ocean_breadcrumbs_links_hover_color":"","ocean_display_footer_widgets":"default","ocean_display_footer_bottom":"default","ocean_custom_footer_template":"","footnotes":""},"class_list":["post-894","page","type-page","status-publish","hentry","entry"],"_links":{"self":[{"href":"https:\/\/pokora-gabinet.pl\/index.php\/wp-json\/wp\/v2\/pages\/894","targetHints":{"allow":["GET"]}}],"collection":[{"href":"https:\/\/pokora-gabinet.pl\/index.php\/wp-json\/wp\/v2\/pages"}],"about":[{"href":"https:\/\/pokora-gabinet.pl\/index.php\/wp-json\/wp\/v2\/types\/page"}],"author":[{"embeddable":true,"href":"https:\/\/pokora-gabinet.pl\/index.php\/wp-json\/wp\/v2\/users\/1"}],"replies":[{"embeddable":true,"href":"https:\/\/pokora-gabinet.pl\/index.php\/wp-json\/wp\/v2\/comments?post=894"}],"version-history":[{"count":295,"href":"https:\/\/pokora-gabinet.pl\/index.php\/wp-json\/wp\/v2\/pages\/894\/revisions"}],"predecessor-version":[{"id":1709,"href":"https:\/\/pokora-gabinet.pl\/index.php\/wp-json\/wp\/v2\/pages\/894\/revisions\/1709"}],"wp:attachment":[{"href":"https:\/\/pokora-gabinet.pl\/index.php\/wp-json\/wp\/v2\/media?parent=894"}],"curies":[{"name":"wp","href":"https:\/\/api.w.org\/{rel}","templated":true}]}}