{"id":171,"date":"2016-10-30T12:40:41","date_gmt":"2016-10-30T12:40:41","guid":{"rendered":"https:\/\/oceanwp.org\/travel\/?page_id=171"},"modified":"2024-07-09T16:56:51","modified_gmt":"2024-07-09T16:56:51","slug":"home","status":"publish","type":"page","link":"https:\/\/pokora-gabinet.pl\/","title":{"rendered":"Home"},"content":{"rendered":"\t\t<div data-elementor-type=\"wp-post\" data-elementor-id=\"171\" class=\"elementor elementor-171\" data-elementor-post-type=\"page\">\n\t\t\t\t<div data-particle_enable=\"false\" data-particle-mobile-disabled=\"false\" class=\"elementor-element elementor-element-5a15c6c e-flex e-con-boxed e-con e-parent\" data-id=\"5a15c6c\" data-element_type=\"container\" data-e-type=\"container\">\n\t\t\t\t\t<div class=\"e-con-inner\">\n\t\t\t\t\t<\/div>\n\t\t\t\t<\/div>\n\t\t<div data-particle_enable=\"false\" data-particle-mobile-disabled=\"false\" class=\"elementor-element elementor-element-ed3250f e-grid e-con-boxed e-con e-parent\" data-id=\"ed3250f\" data-element_type=\"container\" data-e-type=\"container\" data-settings=\"{&quot;position&quot;:&quot;fixed&quot;}\">\n\t\t\t\t\t<div class=\"e-con-inner\">\n\t\t<div data-particle_enable=\"false\" data-particle-mobile-disabled=\"false\" class=\"elementor-element elementor-element-d3725a6 e-flex e-con-boxed e-con e-child\" data-id=\"d3725a6\" data-element_type=\"container\" data-e-type=\"container\">\n\t\t\t\t\t<div class=\"e-con-inner\">\n\t\t\t\t<div class=\"elementor-element elementor-element-ef7b7a9 elementor-widget__width-initial elementor-fixed elementor-widget-tablet__width-initial elementor-widget-widescreen__width-initial elementor-widget-mobile_extra__width-initial elementor-widget elementor-widget-text-editor\" data-id=\"ef7b7a9\" data-element_type=\"widget\" data-e-type=\"widget\" data-settings=\"{&quot;_position&quot;:&quot;fixed&quot;}\" data-widget_type=\"text-editor.default\">\n\t\t\t\t\t\t\t\t\t<p style=\"font-size: 20px;\"><strong><em><span style=\"color: #ffff00;\">\u201eI powiedzia\u0142 do nich:<\/span><\/em><\/strong><\/p>\n<p style=\"font-size: 20px;\"><strong><span style=\"color: #ffff00;\"><em>Kto przyjmie to dziecko w moje imi\u0119, mnie przyjmuje, a kto mnie przyjmie, przyjmuje tego, kt\u00f3ry mnie pos\u0142a\u0142. <\/em><em><br>Kto bowiem jest najmniejszy w\u015br\u00f3d was wszystkich, ten b\u0119dzie wielki\u201d\n(\u0141k, 9, 46-48)\u201e<\/em><\/span><\/strong><\/p>\n<p style=\"font-size: 20px;\"><strong><span style=\"color: #ffff00;\"><em>\u201e<\/em><em>Uczcie si\u0119 ode Mnie, bo jestem cichy\ni pokornego serca\u201d\n(Mt 11, 22-30)<\/em><em>\u201e<\/em><\/span><\/strong><\/p>\t\t\t\t\t\t\t\t<\/div>\n\t\t\t\t<div class=\"elementor-element elementor-element-e46f51c elementor-widget-mobile_extra__width-initial elementor-fixed elementor-widget elementor-widget-text-editor\" data-id=\"e46f51c\" data-element_type=\"widget\" data-e-type=\"widget\" data-settings=\"{&quot;_position&quot;:&quot;fixed&quot;}\" data-widget_type=\"text-editor.default\">\n\t\t\t\t\t\t\t\t\t<h5>Zapraszam dzieci, m\u0142odzie\u017c<\/h5><h5>i doros\u0142ych, kt\u00f3rzy zmagaj\u0105\u00a0 si\u0119 z zaburzeniami mowy.<\/h5><h5>\u00a0<\/h5><h5>\u00a0<\/h5>\t\t\t\t\t\t\t\t<\/div>\n\t\t\t\t\t<\/div>\n\t\t\t\t<\/div>\n\t\t\t\t<div class=\"elementor-element elementor-element-ca3be89 elementor-fixed elementor-widget__width-initial ep-parallax-effects-yes bdt-cursor-effects-yes elementor-widget elementor-widget-text-editor\" data-id=\"ca3be89\" data-element_type=\"widget\" data-e-type=\"widget\" data-settings=\"{&quot;_position&quot;:&quot;fixed&quot;,&quot;ep_parallax_effects_show&quot;:&quot;yes&quot;,&quot;element_pack_cursor_effects_show&quot;:&quot;yes&quot;,&quot;element_pack_cursor_effects_speed&quot;:{&quot;unit&quot;:&quot;px&quot;,&quot;size&quot;:0.209,&quot;sizes&quot;:[]},&quot;ep_floating_effects_show&quot;:&quot;yes&quot;,&quot;element_pack_cursor_effects_source&quot;:&quot;default&quot;,&quot;element_pack_cursor_effects_style&quot;:&quot;ep-cursor-style-1&quot;,&quot;ep_floating_effects_easing&quot;:&quot;easeInOutQuad&quot;,&quot;ep_parallax_effects_rotate_start&quot;:{&quot;unit&quot;:&quot;px&quot;,&quot;size&quot;:&quot;&quot;,&quot;sizes&quot;:[]},&quot;ep_parallax_effects_rotate_end&quot;:{&quot;unit&quot;:&quot;px&quot;,&quot;size&quot;:&quot;&quot;,&quot;sizes&quot;:[]},&quot;ep_parallax_effects_scale_start&quot;:{&quot;unit&quot;:&quot;px&quot;,&quot;size&quot;:1,&quot;sizes&quot;:[]},&quot;ep_parallax_effects_scale_end&quot;:{&quot;unit&quot;:&quot;px&quot;,&quot;size&quot;:1,&quot;sizes&quot;:[]},&quot;ep_parallax_effects_hue_value&quot;:{&quot;unit&quot;:&quot;px&quot;,&quot;size&quot;:&quot;&quot;,&quot;sizes&quot;:[]},&quot;ep_parallax_effects_sepia_value&quot;:{&quot;unit&quot;:&quot;px&quot;,&quot;size&quot;:1,&quot;sizes&quot;:[]},&quot;ep_parallax_effects_easing_value&quot;:{&quot;unit&quot;:&quot;px&quot;,&quot;size&quot;:1,&quot;sizes&quot;:[]},&quot;ep_parallax_effects_target&quot;:&quot;self&quot;}\" data-widget_type=\"text-editor.default\">\n\t\t\t\t\t\t\t\t\t<p style=\"font-size: 25px;\"><span style=\"color: #ffff00;\"><strong>Bez pokory nie ma prawdziwej \u00a0mi\u0142o\u015bci, bez pokory nie ma odkrycia prawdy, nie ma prawdziwej wiary, nadziei i ufno\u015bci. Pokora daje prawdziw\u0105 wolno\u015b\u0107\n<span style=\"color: #ffff00;\"><br>i r\u00f3wnowag\u0119 w rozeznaniu, co jest dobre dla ciebie<br> i dla mnie. Cz\u0142owiek pokorny wie, \u017ce musi by\u0107 kompetentny, pewny, odwa\u017cny<br>\ni konsekwentny w tym, co robi.<\/span><\/strong><\/span><\/p>\n<p style=\"font-size: 25px; text-align: center;\"><span style=\"color: #ff0000;\"><strong>Gabinet POKORA<\/strong><\/span><\/p>\n<p style=\"font-size: 22px; text-align: left;\"><span style=\"color: #ff0000;\"><strong>\u015bwiadczy pe\u0142ny zakres us\u0142ug logopedycznych<\/strong><\/span><\/p>\n<p style=\"font-size: 22px; text-align: left;\"><span style=\"color: #ff0000;\"><strong>i neurologopedycznych.<\/strong><\/span><\/p>\n<p style=\"font-size: 22px; text-align: left;\"><span style=\"color: #ff0000;\"><strong>Zapraszam dzieci, m\u0142odzie\u017c<\/strong><\/span>\n<span style=\"color: #ff0000;\"><strong>i doros\u0142ych, kt\u00f3rzy zmagaj\u0105\u00a0 si\u0119 z zaburzeniami mowy.<\/strong><\/span><\/p>\t\t\t\t\t\t\t\t<\/div>\n\t\t\t\t\t<\/div>\n\t\t\t\t<\/div>\n\t\t<div data-particle_enable=\"false\" data-particle-mobile-disabled=\"false\" class=\"elementor-element elementor-element-c3bcb1a e-flex e-con-boxed e-con e-parent\" data-id=\"c3bcb1a\" data-element_type=\"container\" data-e-type=\"container\">\n\t\t\t\t\t<div class=\"e-con-inner\">\n\t\t\t\t\t<\/div>\n\t\t\t\t<\/div>\n\t\t\t\t<\/div>\n\t\t","protected":false},"excerpt":{"rendered":"<p>\u201eI powiedzia\u0142 do nich: Kto przyjmie to dziecko w moje imi\u0119, mnie przyjmuje, a kto mnie przyjmie, przyjmuje tego, kt\u00f3ry mnie pos\u0142a\u0142. Kto bowiem jest najmniejszy w\u015br\u00f3d was wszystkich, ten b\u0119dzie wielki\u201d (\u0141k, 9, 46-48)\u201e \u201eUczcie si\u0119 ode Mnie, bo jestem cichy i pokornego serca\u201d (Mt 11, 22-30)\u201e Zapraszam dzieci, m\u0142odzie\u017c i doros\u0142ych, kt\u00f3rzy zmagaj\u0105\u00a0 [&hellip;]<\/p>\n","protected":false},"author":1,"featured_media":0,"parent":0,"menu_order":0,"comment_status":"closed","ping_status":"closed","template":"elementor_theme","meta":{"_eb_attr":"","_crdt_document":"","ocean_post_layout":"full-screen","ocean_both_sidebars_style":"","ocean_both_sidebars_content_width":0,"ocean_both_sidebars_sidebars_width":0,"ocean_sidebar":"0","ocean_second_sidebar":"0","ocean_disable_margins":"on","ocean_add_body_class":"","ocean_shortcode_before_top_bar":"","ocean_shortcode_after_top_bar":"","ocean_shortcode_before_header":"","ocean_shortcode_after_header":"","ocean_has_shortcode":"","ocean_shortcode_after_title":"","ocean_shortcode_before_footer_widgets":"","ocean_shortcode_after_footer_widgets":"","ocean_shortcode_before_footer_bottom":"","ocean_shortcode_after_footer_bottom":"","ocean_display_top_bar":"on","ocean_display_header":"on","ocean_header_style":"","ocean_center_header_left_menu":"0","ocean_custom_header_template":"0","ocean_custom_logo":0,"ocean_custom_retina_logo":0,"ocean_custom_logo_max_width":0,"ocean_custom_logo_tablet_max_width":0,"ocean_custom_logo_mobile_max_width":0,"ocean_custom_logo_max_height":0,"ocean_custom_logo_tablet_max_height":0,"ocean_custom_logo_mobile_max_height":0,"ocean_header_custom_menu":"0","ocean_menu_typo_font_family":"0","ocean_menu_typo_font_subset":"","ocean_menu_typo_font_size":0,"ocean_menu_typo_font_size_tablet":0,"ocean_menu_typo_font_size_mobile":0,"ocean_menu_typo_font_size_unit":"px","ocean_menu_typo_font_weight":"","ocean_menu_typo_font_weight_tablet":"","ocean_menu_typo_font_weight_mobile":"","ocean_menu_typo_transform":"","ocean_menu_typo_transform_tablet":"","ocean_menu_typo_transform_mobile":"","ocean_menu_typo_line_height":0,"ocean_menu_typo_line_height_tablet":0,"ocean_menu_typo_line_height_mobile":0,"ocean_menu_typo_line_height_unit":"","ocean_menu_typo_spacing":0,"ocean_menu_typo_spacing_tablet":0,"ocean_menu_typo_spacing_mobile":0,"ocean_menu_typo_spacing_unit":"","ocean_menu_link_color":"","ocean_menu_link_color_hover":"","ocean_menu_link_color_active":"","ocean_menu_link_background":"","ocean_menu_link_hover_background":"","ocean_menu_link_active_background":"","ocean_menu_social_links_bg":"","ocean_menu_social_hover_links_bg":"","ocean_menu_social_links_color":"","ocean_menu_social_hover_links_color":"","ocean_disable_title":"on","ocean_disable_heading":"default","ocean_post_title":"","ocean_post_subheading":"","ocean_post_title_style":"","ocean_post_title_background_color":"","ocean_post_title_background":0,"ocean_post_title_bg_image_position":"","ocean_post_title_bg_image_attachment":"","ocean_post_title_bg_image_repeat":"","ocean_post_title_bg_image_size":"","ocean_post_title_height":0,"ocean_post_title_bg_overlay":0.5,"ocean_post_title_bg_overlay_color":"","ocean_disable_breadcrumbs":"off","ocean_breadcrumbs_color":"","ocean_breadcrumbs_separator_color":"","ocean_breadcrumbs_links_color":"","ocean_breadcrumbs_links_hover_color":"","ocean_display_footer_widgets":"off","ocean_display_footer_bottom":"off","ocean_custom_footer_template":"0","footnotes":""},"class_list":["post-171","page","type-page","status-publish","hentry","entry"],"_links":{"self":[{"href":"https:\/\/pokora-gabinet.pl\/index.php\/wp-json\/wp\/v2\/pages\/171","targetHints":{"allow":["GET"]}}],"collection":[{"href":"https:\/\/pokora-gabinet.pl\/index.php\/wp-json\/wp\/v2\/pages"}],"about":[{"href":"https:\/\/pokora-gabinet.pl\/index.php\/wp-json\/wp\/v2\/types\/page"}],"author":[{"embeddable":true,"href":"https:\/\/pokora-gabinet.pl\/index.php\/wp-json\/wp\/v2\/users\/1"}],"replies":[{"embeddable":true,"href":"https:\/\/pokora-gabinet.pl\/index.php\/wp-json\/wp\/v2\/comments?post=171"}],"version-history":[{"count":573,"href":"https:\/\/pokora-gabinet.pl\/index.php\/wp-json\/wp\/v2\/pages\/171\/revisions"}],"predecessor-version":[{"id":1854,"href":"https:\/\/pokora-gabinet.pl\/index.php\/wp-json\/wp\/v2\/pages\/171\/revisions\/1854"}],"wp:attachment":[{"href":"https:\/\/pokora-gabinet.pl\/index.php\/wp-json\/wp\/v2\/media?parent=171"}],"curies":[{"name":"wp","href":"https:\/\/api.w.org\/{rel}","templated":true}]}}